{"id":1628,"date":"2016-05-12T23:55:35","date_gmt":"2016-05-12T23:55:35","guid":{"rendered":"http:\/\/parentsneed.com\/?page_id=1628"},"modified":"2018-11-14T14:06:27","modified_gmt":"2018-11-14T13:06:27","slug":"affiliation","status":"publish","type":"page","link":"https:\/\/hypnobirthing-online.de\/blog\/affiliation\/","title":{"rendered":"Affiliation"},"content":{"rendered":"<h5 data-web-font=\"Palatino Linotype, Book Antiqua, Palatino, serif\" style=\"font-size: 21px; font-family: &quot;Palatino Linotype&quot;,&quot;Book Antiqua&quot;,&quot;Palatino&quot;,&quot;serif&quot;;\"><\/h5>\n<h5 data-web-font=\"Palatino Linotype, Book Antiqua, Palatino, serif\" style=\"font-size: 21px; font-family: &quot;Palatino Linotype&quot;,&quot;Book Antiqua&quot;,&quot;Palatino&quot;,&quot;serif&quot;;\">Affiliate Agreements<\/h5>\n<p style=\"margin-bottom: 5px ! important;\">Diese Website ist ein Teilnehmer des Amazon Services LLC Associates-Programms. Dies ist ein Affiliate-Werbeprogramm, das als Mittel zum Sammeln von Werbegeb\u00fchren f\u00fcr Websitebesitzer konzipiert wurde, wenn diese mit Websites wie amazon.com, smallparts.com, myhabit.com, endless.com und anderen Websites verbunden sind, die mit diesen Websites verbunden sind das Amazon Service LLC-Partnerprogramm&#8221;Unsere Website kann Affiliate-Marketing-Links enthalten, was bedeutet, dass wir m\u00f6glicherweise Provisionen f\u00fcr den Verkauf dieser Produkte oder Dienstleistungen erhalten, \u00fcber die wir schreiben. Unser redaktioneller Inhalt wird nicht durch Werbetreibende oder Affiliate-Partnerschaften beeinflusst. Diese Offenlegung erfolgt in \u00dcbereinstimmung mit der Federal Trade Commission 16 CFR \u00a7 255.5: Leitf\u00e4den zur Verwendung von Anerkennungen und Zeugnissen in der Werbung. \u201c<\/p>\n<h5 data-web-font=\"Palatino Linotype, Book Antiqua, Palatino, serif\" style=\"font-size: 21px; font-family: &quot;Palatino Linotype&quot;,&quot;Book Antiqua&quot;,&quot;Palatino&quot;,&quot;serif&quot;;\"><\/h5>\n<h5 data-web-font=\"Palatino Linotype, Book Antiqua, Palatino, serif\" style=\"font-size: 21px; font-family: &quot;Palatino Linotype&quot;,&quot;Book Antiqua&quot;,&quot;Palatino&quot;,&quot;serif&quot;;\">Ad Policy<\/h5>\n<p style=\"margin-bottom: 5px ! important;\">Um die Kosten f\u00fcr den Betrieb und die Wartung dieser Website zu tragen, werden von Zeit zu Zeit andere Partnerprogramme und \/ oder Monetarisierungsmethoden einschlie\u00dflich Online-Werbeplattformen verwendet.<\/p>\n<h5 data-web-font=\"Palatino Linotype, Book Antiqua, Palatino, serif\" style=\"font-size: 21px; font-family: &quot;Palatino Linotype&quot;,&quot;Book Antiqua&quot;,&quot;Palatino&quot;,&quot;serif&quot;;\"><\/h5>\n<h5 data-web-font=\"Palatino Linotype, Book Antiqua, Palatino, serif\" style=\"font-size: 21px; font-family: &quot;Palatino Linotype&quot;,&quot;Book Antiqua&quot;,&quot;Palatino&quot;,&quot;serif&quot;;\">Code of Conduct<\/h5>\n<p style=\"margin-bottom: 5px ! important;\">Diese Website wurde mit der ausschlie\u00dflichen Absicht erstellt und unterhalten, Informationen bereitzustellen, die von allen Eltern bei ihren Elternentscheidungen verwendet werden k\u00f6nnten und die den Weg der Elternschaft angenehm machen. Obwohl ausreichend Wissen und Forschung in die Leitartikel und Rezensionen einflie\u00dfen, wie bei allem anderen im Leben, behandeln und nutzen Sie sie bitte als Wegbereiter f\u00fcr Ihren Entscheidungsprozess.Bei Produktpr\u00fcfungen m\u00f6chten wir eine unabh\u00e4ngige \u00dcberpr\u00fcfung durch unser internes Expertengremium in Kombination mit branchen\u00fcblichen Gremien wie Verbraucherforschung, Verbrauchermeldungen usw. durchf\u00fchren. Dies macht uns in dem Sinne einzigartig, dass wir einen Standard schaffen, statt zu folgen Andere.Das Ziel der Herausgeber ist es, diese Website zu einem One-Stop-Shop f\u00fcr alles rund um die Elternschaft zu machen. Um unser Ziel zu erreichen, ist Ihr Feedback als unsere geliebten und leidenschaftlichen Leser ein wesentlicher Bestandteil davon. Wenn Sie uns etwas Feedback geben m\u00f6chten oder einfach nur vorbeischauen und Hallo sagen m\u00f6chten, wenden Sie sich bitte an uns.<\/p>\n","protected":false},"excerpt":{"rendered":"<p>Affiliate Agreements Diese Website ist ein Teilnehmer des Amazon Services LLC Associates-Programms. Dies ist ein&#8230;<\/p>\n","protected":false},"author":12,"featured_media":0,"parent":0,"menu_order":0,"comment_status":"closed","ping_status":"closed","template":"","meta":{"footnotes":""},"class_list":["post-1628","page","type-page","status-publish","hentry"],"yoast_head":"<!-- This site is optimized with the Yoast SEO plugin v26.9 - https:\/\/yoast.com\/product\/yoast-seo-wordpress\/ -->\n<title>Our Affiliate Disclosure | ParentsNeed<\/title>\n<meta name=\"robots\" content=\"index, follow, max-snippet:-1, max-image-preview:large, max-video-preview:-1\" \/>\n<link rel=\"canonical\" href=\"https:\/\/hypnobirthing-online.de\/blog\/affiliation\/\" \/>\n<meta property=\"og:locale\" content=\"en_US\" \/>\n<meta property=\"og:type\" content=\"article\" \/>\n<meta property=\"og:title\" content=\"Our Affiliate Disclosure | ParentsNeed\" \/>\n<meta property=\"og:description\" content=\"Affiliate Agreements Diese Website ist ein Teilnehmer des Amazon Services LLC Associates-Programms. Dies ist ein...\" \/>\n<meta property=\"og:url\" content=\"https:\/\/hypnobirthing-online.de\/blog\/affiliation\/\" \/>\n<meta property=\"og:site_name\" content=\"Hypnobirthing Online\" \/>\n<meta property=\"article:modified_time\" content=\"2018-11-14T13:06:27+00:00\" \/>\n<meta name=\"twitter:card\" content=\"summary_large_image\" \/>\n<meta name=\"twitter:label1\" content=\"Est. reading time\" \/>\n\t<meta name=\"twitter:data1\" content=\"2 minutes\" \/>\n<script type=\"application\/ld+json\" class=\"yoast-schema-graph\">{\"@context\":\"https:\/\/schema.org\",\"@graph\":[{\"@type\":\"WebPage\",\"@id\":\"https:\/\/hypnobirthing-online.de\/blog\/affiliation\/\",\"url\":\"https:\/\/hypnobirthing-online.de\/blog\/affiliation\/\",\"name\":\"Our Affiliate Disclosure | ParentsNeed\",\"isPartOf\":{\"@id\":\"https:\/\/hypnobirthing-online.de\/blog\/#website\"},\"datePublished\":\"2016-05-12T23:55:35+00:00\",\"dateModified\":\"2018-11-14T13:06:27+00:00\",\"breadcrumb\":{\"@id\":\"https:\/\/hypnobirthing-online.de\/blog\/affiliation\/#breadcrumb\"},\"inLanguage\":\"en-US\",\"potentialAction\":[{\"@type\":\"ReadAction\",\"target\":[\"https:\/\/hypnobirthing-online.de\/blog\/affiliation\/\"]}]},{\"@type\":\"BreadcrumbList\",\"@id\":\"https:\/\/hypnobirthing-online.de\/blog\/affiliation\/#breadcrumb\",\"itemListElement\":[{\"@type\":\"ListItem\",\"position\":1,\"name\":\"Home\",\"item\":\"https:\/\/hypnobirthing-online.de\/blog\/\"},{\"@type\":\"ListItem\",\"position\":2,\"name\":\"Affiliation\"}]},{\"@type\":\"WebSite\",\"@id\":\"https:\/\/hypnobirthing-online.de\/blog\/#website\",\"url\":\"https:\/\/hypnobirthing-online.de\/blog\/\",\"name\":\"ParentsNeed\",\"description\":\"Sanfte Geburt durch Hypnobirthing\",\"publisher\":{\"@id\":\"https:\/\/hypnobirthing-online.de\/blog\/#organization\"},\"potentialAction\":[{\"@type\":\"SearchAction\",\"target\":{\"@type\":\"EntryPoint\",\"urlTemplate\":\"https:\/\/hypnobirthing-online.de\/blog\/?s={search_term_string}\"},\"query-input\":{\"@type\":\"PropertyValueSpecification\",\"valueRequired\":true,\"valueName\":\"search_term_string\"}}],\"inLanguage\":\"en-US\"},{\"@type\":\"Organization\",\"@id\":\"https:\/\/hypnobirthing-online.de\/blog\/#organization\",\"name\":\"ParentsNeed\",\"url\":\"https:\/\/hypnobirthing-online.de\/blog\/\",\"logo\":{\"@type\":\"ImageObject\",\"inLanguage\":\"en-US\",\"@id\":\"https:\/\/hypnobirthing-online.de\/blog\/#\/schema\/logo\/image\/\",\"url\":\"https:\/\/hypnobirthing-online.de\/blog\/wp-content\/uploads\/2018\/11\/HBO-BBB-purple-logo-purple-font-transparent-back-long-2-1024px.png\",\"contentUrl\":\"https:\/\/hypnobirthing-online.de\/blog\/wp-content\/uploads\/2018\/11\/HBO-BBB-purple-logo-purple-font-transparent-back-long-2-1024px.png\",\"caption\":\"ParentsNeed\"},\"image\":{\"@id\":\"https:\/\/hypnobirthing-online.de\/blog\/#\/schema\/logo\/image\/\"}}]}<\/script>\n<!-- \/ Yoast SEO plugin. -->","yoast_head_json":{"title":"Our Affiliate Disclosure | ParentsNeed","robots":{"index":"index","follow":"follow","max-snippet":"max-snippet:-1","max-image-preview":"max-image-preview:large","max-video-preview":"max-video-preview:-1"},"canonical":"https:\/\/hypnobirthing-online.de\/blog\/affiliation\/","og_locale":"en_US","og_type":"article","og_title":"Our Affiliate Disclosure | ParentsNeed","og_description":"Affiliate Agreements Diese Website ist ein Teilnehmer des Amazon Services LLC Associates-Programms. Dies ist ein...","og_url":"https:\/\/hypnobirthing-online.de\/blog\/affiliation\/","og_site_name":"Hypnobirthing Online","article_modified_time":"2018-11-14T13:06:27+00:00","twitter_card":"summary_large_image","twitter_misc":{"Est. reading time":"2 minutes"},"schema":{"@context":"https:\/\/schema.org","@graph":[{"@type":"WebPage","@id":"https:\/\/hypnobirthing-online.de\/blog\/affiliation\/","url":"https:\/\/hypnobirthing-online.de\/blog\/affiliation\/","name":"Our Affiliate Disclosure | ParentsNeed","isPartOf":{"@id":"https:\/\/hypnobirthing-online.de\/blog\/#website"},"datePublished":"2016-05-12T23:55:35+00:00","dateModified":"2018-11-14T13:06:27+00:00","breadcrumb":{"@id":"https:\/\/hypnobirthing-online.de\/blog\/affiliation\/#breadcrumb"},"inLanguage":"en-US","potentialAction":[{"@type":"ReadAction","target":["https:\/\/hypnobirthing-online.de\/blog\/affiliation\/"]}]},{"@type":"BreadcrumbList","@id":"https:\/\/hypnobirthing-online.de\/blog\/affiliation\/#breadcrumb","itemListElement":[{"@type":"ListItem","position":1,"name":"Home","item":"https:\/\/hypnobirthing-online.de\/blog\/"},{"@type":"ListItem","position":2,"name":"Affiliation"}]},{"@type":"WebSite","@id":"https:\/\/hypnobirthing-online.de\/blog\/#website","url":"https:\/\/hypnobirthing-online.de\/blog\/","name":"ParentsNeed","description":"Sanfte Geburt durch Hypnobirthing","publisher":{"@id":"https:\/\/hypnobirthing-online.de\/blog\/#organization"},"potentialAction":[{"@type":"SearchAction","target":{"@type":"EntryPoint","urlTemplate":"https:\/\/hypnobirthing-online.de\/blog\/?s={search_term_string}"},"query-input":{"@type":"PropertyValueSpecification","valueRequired":true,"valueName":"search_term_string"}}],"inLanguage":"en-US"},{"@type":"Organization","@id":"https:\/\/hypnobirthing-online.de\/blog\/#organization","name":"ParentsNeed","url":"https:\/\/hypnobirthing-online.de\/blog\/","logo":{"@type":"ImageObject","inLanguage":"en-US","@id":"https:\/\/hypnobirthing-online.de\/blog\/#\/schema\/logo\/image\/","url":"https:\/\/hypnobirthing-online.de\/blog\/wp-content\/uploads\/2018\/11\/HBO-BBB-purple-logo-purple-font-transparent-back-long-2-1024px.png","contentUrl":"https:\/\/hypnobirthing-online.de\/blog\/wp-content\/uploads\/2018\/11\/HBO-BBB-purple-logo-purple-font-transparent-back-long-2-1024px.png","caption":"ParentsNeed"},"image":{"@id":"https:\/\/hypnobirthing-online.de\/blog\/#\/schema\/logo\/image\/"}}]}},"_links":{"self":[{"href":"https:\/\/hypnobirthing-online.de\/blog\/wp-json\/wp\/v2\/pages\/1628","targetHints":{"allow":["GET"]}}],"collection":[{"href":"https:\/\/hypnobirthing-online.de\/blog\/wp-json\/wp\/v2\/pages"}],"about":[{"href":"https:\/\/hypnobirthing-online.de\/blog\/wp-json\/wp\/v2\/types\/page"}],"author":[{"embeddable":true,"href":"https:\/\/hypnobirthing-online.de\/blog\/wp-json\/wp\/v2\/users\/12"}],"replies":[{"embeddable":true,"href":"https:\/\/hypnobirthing-online.de\/blog\/wp-json\/wp\/v2\/comments?post=1628"}],"version-history":[{"count":2,"href":"https:\/\/hypnobirthing-online.de\/blog\/wp-json\/wp\/v2\/pages\/1628\/revisions"}],"predecessor-version":[{"id":518978,"href":"https:\/\/hypnobirthing-online.de\/blog\/wp-json\/wp\/v2\/pages\/1628\/revisions\/518978"}],"wp:attachment":[{"href":"https:\/\/hypnobirthing-online.de\/blog\/wp-json\/wp\/v2\/media?parent=1628"}],"curies":[{"name":"wp","href":"https:\/\/api.w.org\/{rel}","templated":true}]}}